{"id":1978,"date":"2017-02-27T13:17:38","date_gmt":"2017-02-27T13:17:38","guid":{"rendered":"https:\/\/www.accountfactory.com\/vara-tjanster\/"},"modified":"2025-03-15T13:58:46","modified_gmt":"2025-03-15T12:58:46","slug":"services","status":"publish","type":"page","link":"https:\/\/www.accountfactory.com\/en\/services\/","title":{"rendered":"Our Services"},"content":{"rendered":"","protected":false},"excerpt":{"rendered":"","protected":false},"author":1,"featured_media":0,"parent":0,"menu_order":0,"comment_status":"closed","ping_status":"closed","template":"","meta":{"footnotes":""},"class_list":["post-1978","page","type-page","status-publish","hentry"],"yoast_head":"<!-- This site is optimized with the Yoast SEO plugin v27.4 - https:\/\/yoast.com\/product\/yoast-seo-wordpress\/ -->\n<title>L\u00f6pande bokf\u00f6ring &amp; bokslut, helt webbaserat - Account Factory<\/title>\n<meta name=\"description\" content=\"Vi sk\u00f6ter din bokf\u00f6ring, dina skatter &amp; hj\u00e4lper dig ta r\u00e4tt beslut om din ekonomi, webbaserat &amp; helt pappersl\u00f6st! Kontakta Account Factory s\u00e5 hj\u00e4lper vi dig\" \/>\n<meta name=\"robots\" content=\"index, follow, max-snippet:-1, max-image-preview:large, max-video-preview:-1\" \/>\n<link rel=\"canonical\" href=\"https:\/\/www.accountfactory.com\/en\/services\/\" \/>\n<meta property=\"og:locale\" content=\"en_US\" \/>\n<meta property=\"og:type\" content=\"article\" \/>\n<meta property=\"og:title\" content=\"L\u00f6pande bokf\u00f6ring &amp; bokslut, helt webbaserat - Account Factory\" \/>\n<meta property=\"og:description\" content=\"Vi sk\u00f6ter din bokf\u00f6ring, dina skatter &amp; hj\u00e4lper dig ta r\u00e4tt beslut om din ekonomi, webbaserat &amp; helt pappersl\u00f6st! Kontakta Account Factory s\u00e5 hj\u00e4lper vi dig\" \/>\n<meta property=\"og:url\" content=\"https:\/\/www.accountfactory.com\/en\/services\/\" \/>\n<meta property=\"og:site_name\" content=\"Account Factory\" \/>\n<meta property=\"article:modified_time\" content=\"2025-03-15T12:58:46+00:00\" \/>\n<meta name=\"twitter:card\" content=\"summary_large_image\" \/>\n<script type=\"application\/ld+json\" class=\"yoast-schema-graph\">{\"@context\":\"https:\\\/\\\/schema.org\",\"@graph\":[{\"@type\":\"WebPage\",\"@id\":\"https:\\\/\\\/www.accountfactory.com\\\/en\\\/services\\\/\",\"url\":\"https:\\\/\\\/www.accountfactory.com\\\/en\\\/services\\\/\",\"name\":\"L\u00f6pande bokf\u00f6ring & bokslut, helt webbaserat - Account Factory\",\"isPartOf\":{\"@id\":\"https:\\\/\\\/www.accountfactory.com\\\/#website\"},\"datePublished\":\"2017-02-27T13:17:38+00:00\",\"dateModified\":\"2025-03-15T12:58:46+00:00\",\"description\":\"Vi sk\u00f6ter din bokf\u00f6ring, dina skatter & hj\u00e4lper dig ta r\u00e4tt beslut om din ekonomi, webbaserat & helt pappersl\u00f6st! Kontakta Account Factory s\u00e5 hj\u00e4lper vi dig\",\"breadcrumb\":{\"@id\":\"https:\\\/\\\/www.accountfactory.com\\\/en\\\/services\\\/#breadcrumb\"},\"inLanguage\":\"en-US\",\"potentialAction\":[{\"@type\":\"ReadAction\",\"target\":[\"https:\\\/\\\/www.accountfactory.com\\\/en\\\/services\\\/\"]}]},{\"@type\":\"BreadcrumbList\",\"@id\":\"https:\\\/\\\/www.accountfactory.com\\\/en\\\/services\\\/#breadcrumb\",\"itemListElement\":[{\"@type\":\"ListItem\",\"position\":1,\"name\":\"Hem\",\"item\":\"https:\\\/\\\/www.accountfactory.com\\\/en\\\/\"},{\"@type\":\"ListItem\",\"position\":2,\"name\":\"Our Services\"}]},{\"@type\":\"WebSite\",\"@id\":\"https:\\\/\\\/www.accountfactory.com\\\/#website\",\"url\":\"https:\\\/\\\/www.accountfactory.com\\\/\",\"name\":\"Account Factory\",\"description\":\"Digital redovisning till fasta priser f\u00f6r sm\u00e5f\u00f6retag\",\"potentialAction\":[{\"@type\":\"SearchAction\",\"target\":{\"@type\":\"EntryPoint\",\"urlTemplate\":\"https:\\\/\\\/www.accountfactory.com\\\/?s={search_term_string}\"},\"query-input\":{\"@type\":\"PropertyValueSpecification\",\"valueRequired\":true,\"valueName\":\"search_term_string\"}}],\"inLanguage\":\"en-US\"}]}<\/script>\n<!-- \/ Yoast SEO plugin. -->","yoast_head_json":{"title":"L\u00f6pande bokf\u00f6ring & bokslut, helt webbaserat - Account Factory","description":"Vi sk\u00f6ter din bokf\u00f6ring, dina skatter & hj\u00e4lper dig ta r\u00e4tt beslut om din ekonomi, webbaserat & helt pappersl\u00f6st! Kontakta Account Factory s\u00e5 hj\u00e4lper vi dig","robots":{"index":"index","follow":"follow","max-snippet":"max-snippet:-1","max-image-preview":"max-image-preview:large","max-video-preview":"max-video-preview:-1"},"canonical":"https:\/\/www.accountfactory.com\/en\/services\/","og_locale":"en_US","og_type":"article","og_title":"L\u00f6pande bokf\u00f6ring & bokslut, helt webbaserat - Account Factory","og_description":"Vi sk\u00f6ter din bokf\u00f6ring, dina skatter & hj\u00e4lper dig ta r\u00e4tt beslut om din ekonomi, webbaserat & helt pappersl\u00f6st! Kontakta Account Factory s\u00e5 hj\u00e4lper vi dig","og_url":"https:\/\/www.accountfactory.com\/en\/services\/","og_site_name":"Account Factory","article_modified_time":"2025-03-15T12:58:46+00:00","twitter_card":"summary_large_image","schema":{"@context":"https:\/\/schema.org","@graph":[{"@type":"WebPage","@id":"https:\/\/www.accountfactory.com\/en\/services\/","url":"https:\/\/www.accountfactory.com\/en\/services\/","name":"L\u00f6pande bokf\u00f6ring & bokslut, helt webbaserat - Account Factory","isPartOf":{"@id":"https:\/\/www.accountfactory.com\/#website"},"datePublished":"2017-02-27T13:17:38+00:00","dateModified":"2025-03-15T12:58:46+00:00","description":"Vi sk\u00f6ter din bokf\u00f6ring, dina skatter & hj\u00e4lper dig ta r\u00e4tt beslut om din ekonomi, webbaserat & helt pappersl\u00f6st! Kontakta Account Factory s\u00e5 hj\u00e4lper vi dig","breadcrumb":{"@id":"https:\/\/www.accountfactory.com\/en\/services\/#breadcrumb"},"inLanguage":"en-US","potentialAction":[{"@type":"ReadAction","target":["https:\/\/www.accountfactory.com\/en\/services\/"]}]},{"@type":"BreadcrumbList","@id":"https:\/\/www.accountfactory.com\/en\/services\/#breadcrumb","itemListElement":[{"@type":"ListItem","position":1,"name":"Hem","item":"https:\/\/www.accountfactory.com\/en\/"},{"@type":"ListItem","position":2,"name":"Our Services"}]},{"@type":"WebSite","@id":"https:\/\/www.accountfactory.com\/#website","url":"https:\/\/www.accountfactory.com\/","name":"Account Factory","description":"Digital redovisning till fasta priser f\u00f6r sm\u00e5f\u00f6retag","potentialAction":[{"@type":"SearchAction","target":{"@type":"EntryPoint","urlTemplate":"https:\/\/www.accountfactory.com\/?s={search_term_string}"},"query-input":{"@type":"PropertyValueSpecification","valueRequired":true,"valueName":"search_term_string"}}],"inLanguage":"en-US"}]}},"post_mailing_queue_ids":[],"_links":{"self":[{"href":"https:\/\/www.accountfactory.com\/en\/wp-json\/wp\/v2\/pages\/1978","targetHints":{"allow":["GET"]}}],"collection":[{"href":"https:\/\/www.accountfactory.com\/en\/wp-json\/wp\/v2\/pages"}],"about":[{"href":"https:\/\/www.accountfactory.com\/en\/wp-json\/wp\/v2\/types\/page"}],"author":[{"embeddable":true,"href":"https:\/\/www.accountfactory.com\/en\/wp-json\/wp\/v2\/users\/1"}],"replies":[{"embeddable":true,"href":"https:\/\/www.accountfactory.com\/en\/wp-json\/wp\/v2\/comments?post=1978"}],"version-history":[{"count":20,"href":"https:\/\/www.accountfactory.com\/en\/wp-json\/wp\/v2\/pages\/1978\/revisions"}],"predecessor-version":[{"id":3440,"href":"https:\/\/www.accountfactory.com\/en\/wp-json\/wp\/v2\/pages\/1978\/revisions\/3440"}],"wp:attachment":[{"href":"https:\/\/www.accountfactory.com\/en\/wp-json\/wp\/v2\/media?parent=1978"}],"curies":[{"name":"wp","href":"https:\/\/api.w.org\/{rel}","templated":true}]}}